{"id":11400,"date":"2026-04-23T15:07:09","date_gmt":"2026-04-23T15:07:09","guid":{"rendered":"https:\/\/www.crilumaviaggi.com\/offerte\/?post_type=product&#038;p=11400"},"modified":"2026-04-24T12:38:24","modified_gmt":"2026-04-24T12:38:24","slug":"padova-22-maggio-2026","status":"publish","type":"product","link":"https:\/\/www.crilumaviaggi.com\/offerte\/prodotto\/padova-22-maggio-2026\/","title":{"rendered":"Padova (22 Maggio 2026)"},"content":{"rendered":"\t\t<div data-elementor-type=\"wp-post\" data-elementor-id=\"11400\" class=\"elementor elementor-11400\">\n\t\t\t\t<div class=\"elementor-element elementor-element-59b689bc e-flex e-con-boxed e-con e-parent\" data-id=\"59b689bc\" data-element_type=\"container\" data-e-type=\"container\">\n\t\t\t\t\t<div class=\"e-con-inner\">\n\t\t\t\t<div class=\"elementor-element elementor-element-146553f2 elementor-widget elementor-widget-text-editor\" data-id=\"146553f2\" data-element_type=\"widget\" data-e-type=\"widget\" data-widget_type=\"text-editor.default\">\n\t\t\t\t\t\t\t\t\t<p class=\"cvGsUA direction-ltr align-justify para-style-body\"><span class=\"a_GcMg font-feature-liga-off font-feature-clig-off font-feature-calt-off text-decoration-none text-strikethrough-none\">Il viaggio inizia la mattina presto con la partenza ore 06:00 del gruppo da Ancona verso Padova. La visita inizia nel cuore della citt\u00e0 con uno dei suoi massimi capolavori: la Cappella degli Scrovegni. Questo piccolo edificio custodisce il celebre ciclo di affreschi realizzato da Giotto tra il 1303 e il 1305, considerato una svolta fondamentale nella storia dell&#8217;arte occidentale. Entrando, si rimane colpiti dall&#8217;intenso blu del soffitto stellato e dalla straordinaria umanit\u00e0 delle scene della vita di Maria e di Cristo. La guida accompagna il gruppo nella lettura delle immagini, raccontando anche la figura di Enrico Scrovegni, il committente, e il contesto della Padova medievale. Proseguendo a piedi, si raggiunge il centro storico. Tra la Piazza delle Erbe e la Piazza della Frutta si respira ancora oggi l&#8217;atmosfera vivace delle antiche fiere. Qui si erge il maestoso Palazzo della Ragione, con il suo imponente Salone pensile: un tempo sede dei tribunali cittadini, oggi colpisce per le dimensioni straordinarie e per il grande ciclo di affreschi astrologici che ne decorano le pareti. La passeggiata continua verso uno dei luoghi simbolo della spiritualit\u00e0 cittadina, la Basilica di Sant&#8217;Antonio, conosciuta semplicemente come &#8221;Il Santo&#8221;. A breve distanza si apre lo scenografico Prato della Valle, una delle piazze pi\u00f9 grandi d&#8217;Europa. La sua forma ellittica, circondata da un canale e da statue di personaggi illustri, racconta l&#8217;intervento urbanistico di epoca veneziana che trasform\u00f2 un&#8217;area paludosa in uno spazio monumentale e armonioso. \u00c8 un luogo ideale per concludere la visita, riassumendo le diverse anime della citt\u00e0: quella medievale, quella religiosa e quella legata alla dominazione della Serenissima.<\/span><\/p><p class=\"cvGsUA direction-ltr align-justify para-style-body\"><span class=\"a_GcMg font-feature-liga-off font-feature-clig-off font-feature-calt-off text-decoration-none text-strikethrough-none\">Dopo la visita rientro in Ancona.<\/span><\/p>\t\t\t\t\t\t\t\t<\/div>\n\t\t\t\t\t<\/div>\n\t\t\t\t<\/div>\n\t\t\t\t<\/div>\n\t\t","protected":false},"excerpt":{"rendered":"<p><em><strong>Minimo 35 partecipanti<\/strong><\/em><\/p>\n<p><b>LA QUOTA COMPRENDE:<\/b><\/p>\n<ul>\n<li><span class=\"a_GcMg font-feature-liga-off font-feature-clig-off font-feature-calt-off text-decoration-none text-strikethrough-none\">Viaggio in bus GT;<\/span><\/li>\n<li><span class=\"a_GcMg font-feature-liga-off font-feature-clig-off font-feature-calt-off text-decoration-none text-strikethrough-none\">Noleggio auricolari per tutto il programma e visite guidate come da programma;<\/span><\/li>\n<li><span class=\"a_GcMg font-feature-liga-off font-feature-clig-off font-feature-calt-off text-decoration-none text-strikethrough-none\">Ingresso cappella degli Scrovegni;<\/span><\/li>\n<li><span class=\"a_GcMg font-feature-liga-off font-feature-clig-off font-feature-calt-off text-decoration-none text-strikethrough-none\">Pranzo in ristorante;<\/span><\/li>\n<li><span class=\"a_GcMg font-feature-liga-off font-feature-clig-off font-feature-calt-off text-decoration-none text-strikethrough-none\">Assicurazione medico bagaglio.<\/span><\/li>\n<\/ul>\n<p class=\"cvGsUA direction-ltr align-start para-style-body\"><b>LA QUOTA NON COMPRENDE:<\/b><\/p>\n<ul>\n<li><span class=\"a_GcMg font-feature-liga-off font-feature-clig-off font-feature-calt-off text-decoration-none text-strikethrough-none\">Ingressi a chiese\/musei;<\/span><\/li>\n<li><span class=\"a_GcMg font-feature-liga-off font-feature-clig-off font-feature-calt-off text-decoration-none text-strikethrough-none\">Mance;<\/span><\/li>\n<li><span class=\"a_GcMg font-feature-liga-off font-feature-clig-off font-feature-calt-off text-decoration-none text-strikethrough-none\">Extra;<\/span><\/li>\n<li><span class=\"a_GcMg font-feature-liga-off font-feature-clig-off font-feature-calt-off text-decoration-none text-strikethrough-none\">Quanto non indicato nella voce \u201cLa quota comprende\u201d.<\/span><\/li>\n<\/ul>\n<p>&nbsp;<\/p>\n<p><span class=\"a_GcMg font-feature-liga-off font-feature-clig-off font-feature-calt-off text-decoration-none text-strikethrough-none\">Gli orari del presente programma sono indicativi.<\/span><\/p>\n","protected":false},"featured_media":11401,"template":"","meta":{"_joinchat":[]},"product_brand":[148],"product_cat":[61],"product_tag":[119,127,191,117,88],"class_list":{"0":"post-11400","1":"product","2":"type-product","3":"status-publish","4":"has-post-thumbnail","6":"product_brand-criluma-viaggi","7":"product_cat-weekend-fuori-porta","8":"product_tag-119","9":"product_tag-maggio","10":"product_tag-mantova","11":"product_tag-padova","12":"product_tag-verona","14":"first","15":"instock","16":"shipping-taxable","17":"purchasable","18":"product-type-simple"},"_links":{"self":[{"href":"https:\/\/www.crilumaviaggi.com\/offerte\/wp-json\/wp\/v2\/product\/11400","targetHints":{"allow":["GET"]}}],"collection":[{"href":"https:\/\/www.crilumaviaggi.com\/offerte\/wp-json\/wp\/v2\/product"}],"about":[{"href":"https:\/\/www.crilumaviaggi.com\/offerte\/wp-json\/wp\/v2\/types\/product"}],"version-history":[{"count":0,"href":"https:\/\/www.crilumaviaggi.com\/offerte\/wp-json\/wp\/v2\/product\/11400\/revisions"}],"wp:featuredmedia":[{"embeddable":true,"href":"https:\/\/www.crilumaviaggi.com\/offerte\/wp-json\/wp\/v2\/media\/11401"}],"wp:attachment":[{"href":"https:\/\/www.crilumaviaggi.com\/offerte\/wp-json\/wp\/v2\/media?parent=11400"}],"wp:term":[{"taxonomy":"product_brand","embeddable":true,"href":"https:\/\/www.crilumaviaggi.com\/offerte\/wp-json\/wp\/v2\/product_brand?post=11400"},{"taxonomy":"product_cat","embeddable":true,"href":"https:\/\/www.crilumaviaggi.com\/offerte\/wp-json\/wp\/v2\/product_cat?post=11400"},{"taxonomy":"product_tag","embeddable":true,"href":"https:\/\/www.crilumaviaggi.com\/offerte\/wp-json\/wp\/v2\/product_tag?post=11400"}],"curies":[{"name":"wp","href":"https:\/\/api.w.org\/{rel}","templated":true}]}}