{"id":11288,"date":"2026-03-26T16:30:34","date_gmt":"2026-03-26T16:30:34","guid":{"rendered":"https:\/\/www.crilumaviaggi.com\/offerte\/?post_type=product&#038;p=11288"},"modified":"2026-03-27T08:36:23","modified_gmt":"2026-03-27T08:36:23","slug":"fonti-del-clitunno-e-spoleto-3-maggio","status":"publish","type":"product","link":"https:\/\/www.crilumaviaggi.com\/offerte\/prodotto\/fonti-del-clitunno-e-spoleto-3-maggio\/","title":{"rendered":"Fonti del Clitunno e Spoleto (3 Maggio)"},"content":{"rendered":"\t\t<div data-elementor-type=\"wp-post\" data-elementor-id=\"11288\" class=\"elementor elementor-11288\">\n\t\t\t\t<div class=\"elementor-element elementor-element-59b689bc e-flex e-con-boxed e-con e-parent\" data-id=\"59b689bc\" data-element_type=\"container\" data-e-type=\"container\">\n\t\t\t\t\t<div class=\"e-con-inner\">\n\t\t\t\t<div class=\"elementor-element elementor-element-146553f2 elementor-widget elementor-widget-text-editor\" data-id=\"146553f2\" data-element_type=\"widget\" data-e-type=\"widget\" data-widget_type=\"text-editor.default\">\n\t\t\t\t\t\t\t\t\t<p class=\"cvGsUA direction-ltr align-justify para-style-body\"><span class=\"a_GcMg font-feature-liga-off font-feature-clig-off font-feature-calt-off text-decoration-none text-strikethrough-none\">Ore <\/span><strong><span class=\"a_GcMg font-feature-liga-off font-feature-clig-off font-feature-calt-off text-decoration-none text-strikethrough-none\">08.00<\/span><\/strong><span class=\"a_GcMg font-feature-liga-off font-feature-clig-off font-feature-calt-off text-decoration-none text-strikethrough-none\"> Partenza da Ancona,davanti alla Agenzia Criluma.<\/span><\/p><p>\u00a0<\/p><p class=\"cvGsUA direction-ltr align-justify para-style-body\"><span class=\"a_GcMg font-feature-liga-off font-feature-clig-off font-feature-calt-off text-decoration-none text-strikethrough-none\">Ore <\/span><strong><span class=\"a_GcMg font-feature-liga-off font-feature-clig-off font-feature-calt-off text-decoration-none text-strikethrough-none\">10.30<\/span><\/strong><span class=\"a_GcMg font-feature-liga-off font-feature-clig-off font-feature-calt-off text-decoration-none text-strikethrough-none\"> arrivo alle Fonti del Clitunno, incontro con la guida e visita guidata.<\/span><\/p><p>\u00a0<\/p><p class=\"cvGsUA direction-ltr align-justify para-style-body\"><span class=\"a_GcMg font-feature-liga-off font-feature-clig-off font-feature-calt-off text-decoration-none text-strikethrough-none\">La sorgente del fiume Clitunno crea un laghetto dalle acque limpidissime con riflessi smeraldo. Sono formate da sorgenti sotterranee che fuoriescono da fessurazioni della roccia attraverso numerose bolle, individuabili, a tratti, nel fondo del laghetto. <\/span><span class=\"a_GcMg font-feature-liga-off font-feature-clig-off font-feature-calt-off text-decoration-none text-strikethrough-none\">Lo specchio d\u2019acqua dai colori intensi e cangianti, \u00e8 ricco di numerose specie vegetali (fanerogame, coda di cavallo, muschio, nasturzio acquatico\u2026.) che creano un aspetto lussureggiante e di rara suggestione, una fitta vegetazione, in particolare ricca di salici piangenti e pioppi, che circonda le rive. Le sorgenti come ricorda lo stesso Plinio, erano cos\u00ec copiose da formare un grande fiume navigabile fino a Roma, proseguendo con il Tevere. Nel 440 d.c. un violento terremoto modific\u00f2 radicalmente l\u2019area disperdendo gran parte delle vene. Ancora oggi il Clitunno \u00e8 tra le pi\u00f9 cospicue sorgenti dell\u2019Umbria, con 1300-1500 litri al secondo. L\u2019attuale sistemazione oggi \u00e8 dovuta all\u2019opera del Conte Paolo Campello della Spina che, tra 1860 e il 1865 cre\u00f2 il laghetto e piant\u00f2 pioppi e salici intorno. La fauna, oltre aquella ittica, \u00e8 composta prevalentemente dai caratteristici cigni, oltre ad alcune specie di volatili acquatici.<\/span><\/p><p>\u00a0<\/p><p class=\"cvGsUA direction-ltr align-justify para-style-body\"><span class=\"a_GcMg font-feature-liga-off font-feature-clig-off font-feature-calt-off text-decoration-none text-strikethrough-none\">Dopo la visita, pranzo in ristorante bevande comprese.<\/span><\/p><p>\u00a0<\/p><p class=\"cvGsUA direction-ltr align-justify para-style-body\"><span class=\"a_GcMg font-feature-liga-off font-feature-clig-off font-feature-calt-off text-decoration-none text-strikethrough-none\">Nel pomeriggio trasferimento a Spoleto, circondata da colline, uliveti e vigneti. Risalente al XII secolo, il Duomo di Spoleto ha una facciata porticata impreziosita da un mosaico. All\u2019interno ospita un ciclo di affreschi dell\u2019artista medievale Filippo Lippi. Il complesso del Museo Archeologico Nazionale espone oggetti dell\u2019et\u00e0 del bronzo e dell\u2019epoca romana. Include anche il teatro romano restaurato. Spoleto \u00e8 famosa per il Festival dei Due Mondi, un evento culturale che richiama artisti e spettatori da tutto il mondo. Fondato nel 1958 da Gian Carlo Menotti, il Festival offre un ricco programma di opera, teatro, danza e musica.<\/span><\/p><p>\u00a0<\/p><p class=\"cvGsUA direction-ltr align-justify para-style-body\"><span class=\"a_GcMg font-feature-liga-off font-feature-clig-off font-feature-calt-off text-decoration-none text-strikethrough-none\">Tempo libero per shopping e alle ore <\/span><strong><span class=\"a_GcMg font-feature-liga-off font-feature-clig-off font-feature-calt-off text-decoration-none text-strikethrough-none\">18.30<\/span><\/strong><span class=\"a_GcMg font-feature-liga-off font-feature-clig-off font-feature-calt-off text-decoration-none text-strikethrough-none\"> rientro in Ancona e fine dei servizi.<\/span><\/p>\t\t\t\t\t\t\t\t<\/div>\n\t\t\t\t\t<\/div>\n\t\t\t\t<\/div>\n\t\t\t\t<\/div>\n\t\t","protected":false},"excerpt":{"rendered":"<div>\n<div>\n<p class=\"p1\"><strong>QUOTA INDIVIDUALE DI PARTECIPAZIONE<\/strong><\/p>\n<\/div>\n<div>\n<p><em><strong>Minimo 45 partecipanti<\/strong><\/em><\/p>\n<\/div>\n<\/div>\n<div>\n<div>\n<p><b>LA QUOTA COMPRENDE:<\/b><\/p>\n<\/div>\n<div>\n<ul>\n<li>Viaggio in BUS GT;<\/li>\n<li>Guida per visita le Fonti del Clitunno e Spoleto;<\/li>\n<li>Pranzo in ristorante comprese bevande (acqua e vino);<\/li>\n<li>Assicurazione Medica bagaglio.<\/li>\n<\/ul>\n<\/div>\n<div>\n<p><b>LA QUOTA NON COMPRENDE:<\/b><\/p>\n<\/div>\n<div>\n<ul>\n<li>INGRESSO alle Fonti del Clitunno (2 euro);<\/li>\n<li>Gli extra e quanto non indicato nella quota comprende.<\/li>\n<\/ul>\n<\/div>\n<\/div>\n","protected":false},"featured_media":11302,"template":"","meta":[],"product_brand":[148],"product_cat":[61],"product_tag":[195,127,196],"class_list":{"0":"post-11288","1":"product","2":"type-product","3":"status-publish","4":"has-post-thumbnail","6":"product_brand-criluma-viaggi","7":"product_cat-weekend-fuori-porta","8":"product_tag-fonti-del-clitunno","9":"product_tag-maggio","10":"product_tag-spoleto","12":"first","13":"instock","14":"shipping-taxable","15":"purchasable","16":"product-type-simple"},"_links":{"self":[{"href":"https:\/\/www.crilumaviaggi.com\/offerte\/wp-json\/wp\/v2\/product\/11288","targetHints":{"allow":["GET"]}}],"collection":[{"href":"https:\/\/www.crilumaviaggi.com\/offerte\/wp-json\/wp\/v2\/product"}],"about":[{"href":"https:\/\/www.crilumaviaggi.com\/offerte\/wp-json\/wp\/v2\/types\/product"}],"version-history":[{"count":9,"href":"https:\/\/www.crilumaviaggi.com\/offerte\/wp-json\/wp\/v2\/product\/11288\/revisions"}],"predecessor-version":[{"id":11312,"href":"https:\/\/www.crilumaviaggi.com\/offerte\/wp-json\/wp\/v2\/product\/11288\/revisions\/11312"}],"wp:featuredmedia":[{"embeddable":true,"href":"https:\/\/www.crilumaviaggi.com\/offerte\/wp-json\/wp\/v2\/media\/11302"}],"wp:attachment":[{"href":"https:\/\/www.crilumaviaggi.com\/offerte\/wp-json\/wp\/v2\/media?parent=11288"}],"wp:term":[{"taxonomy":"product_brand","embeddable":true,"href":"https:\/\/www.crilumaviaggi.com\/offerte\/wp-json\/wp\/v2\/product_brand?post=11288"},{"taxonomy":"product_cat","embeddable":true,"href":"https:\/\/www.crilumaviaggi.com\/offerte\/wp-json\/wp\/v2\/product_cat?post=11288"},{"taxonomy":"product_tag","embeddable":true,"href":"https:\/\/www.crilumaviaggi.com\/offerte\/wp-json\/wp\/v2\/product_tag?post=11288"}],"curies":[{"name":"wp","href":"https:\/\/api.w.org\/{rel}","templated":true}]}}