{"id":10060,"date":"2026-01-09T09:52:21","date_gmt":"2026-01-09T09:52:21","guid":{"rendered":"https:\/\/www.crilumaviaggi.com\/offerte\/?post_type=product&#038;p=10060"},"modified":"2026-03-27T11:58:10","modified_gmt":"2026-03-27T11:58:10","slug":"transiberiana-abruzzo-dal-10-al-11-ottobre-2026","status":"publish","type":"product","link":"https:\/\/www.crilumaviaggi.com\/offerte\/prodotto\/transiberiana-abruzzo-dal-10-al-11-ottobre-2026\/","title":{"rendered":"Transiberiana d&#8217;Abruzzo (dal 10 all&#8217;11 Ottobre 2026)"},"content":{"rendered":"\t\t<div data-elementor-type=\"wp-post\" data-elementor-id=\"10060\" class=\"elementor elementor-10060\">\n\t\t\t\t<div class=\"elementor-element elementor-element-75b2da15 e-flex e-con-boxed e-con e-parent\" data-id=\"75b2da15\" data-element_type=\"container\" data-e-type=\"container\">\n\t\t\t\t\t<div class=\"e-con-inner\">\n\t\t\t\t<div class=\"elementor-element elementor-element-9ee5af1 elementor-widget elementor-widget-text-editor\" data-id=\"9ee5af1\" data-element_type=\"widget\" data-e-type=\"widget\" data-widget_type=\"text-editor.default\">\n\t\t\t\t\t\t\t\t\t<p><b>1\u00b0 giorno &#8211; 10 Ottobre<\/b><b><\/b><\/p><p><b>Ore 07:00<\/b> Partenza da Ancona di fronte agenzia.<\/p><p><b>Ore 10:30<\/b> Km 2.27 arrivo a PACENTRO, uno dei borghi pi\u00f9 belli del Parco Nazionale della Maiella. Visita libera del borgo e eventuale ingresso facoltativo al Castello Cantelmo nel centro storico di Pacentro, antica fortificazione abruzzese. (Costo \u20ac2.50 non compreso in quota).<\/p><p><b>Ore 12:00 <\/b>Pranzo libero al sacco.<\/p><p><b>Ore 14:30<\/b> Visita guidata della citt\u00e0 di SULMONA e confettificio.<\/p><p>Cena e Pernottamento in Hotel*** a pochi km da Sulmona.<\/p><p>\u00a0<\/p><p><b>2\u00b0 giorno &#8211; 11 Ottobre<\/b>\u00a0(Programma indicativo soggetto a modifiche)<\/p><p>Prima colazione in hotel.<\/p><p>Trasferimento con il nostro pullman alla stazione di Sulmona con ritrovo ore 08:45.<\/p><p><b>Ore<\/b> <b>8.45 <\/b>ritrovo in stazione a Sulmona, per controllo titolo di viaggio e incarrozzamento.<\/p><p><b>Ore 9.00<\/b> partenza da Sulmona, itinerario panoramico risalendo la Valle Peligna verso la Maiella, superando Pettorano sul Gizio, Cansano e Campo di Giove.<\/p><p><strong>10.30<\/strong> &#8211; Arrivo alla stazione di Palena per una sosta intermedia in uno dei luoghi pi\u00f9 affascinanti di tutta la tratta: la stazione posta sul valico della Forchetta a quasi 1300 metri di quota, con il grande orizzonte circostante degli Altipiani Maggiori d&#8217;Abruzzo. Sul posto possibilit\u00e0 di colazione e ristoro ed esposizione di prodotti tipici e lavorazioni artigianali.<\/p><p><strong>11:15<\/strong> &#8211; Dalla stazione di Palena si prosegue in treno storico fino al termine corsa di giornata, stazione di Roccaraso, con arrivo alle 11.40.<\/p><p>Dalla stazione si raggiunge a piedi in pochi minuti il centro del paese, rinomata localit\u00e0 sciistica e dello sport invernale per una sosta tipicamente &#8220;bianca&#8221; adatta allo svago di grandi e piccoli. Sul posto disponibile nolo bob, slittini e ciaspole. Raggiungendo a piedi la localit\u00e0 Ombrellone (ca. 10 minuti a piedi dalla piazza del comune) \u00e8 possibile usufruire della seggiovia di Colle Belisario acquistando sul posto i biglietti di accesso senza necessit\u00e0 di prenotazione, per un panoramico giro che conduce ai circa 1500 metri in circa 15 minuti di ascesa fino al rifugio aperto con servizio ristoro.<\/p><p>Per quanti lo desiderano, a 300 metri della stazione aperto il Palaghiaccio per pattinaggio sulla ampia pista della struttura, con servizio bar e ristoro sul posto.<\/p><p>Nel centro del paese vari bar e ristoranti per quanti preferiscano trascorrere la sosta a tavola. Fortemente raccomandata la prenotazione anticipata per i ristoranti.<\/p><p>Rientro in stazione dieci minuti prima in stazione per partenza treno storico alle ore 16.30.<\/p><p>Ritorno<\/p><p><strong>16.30<\/strong> \u2013 partenza del treno storico dalla stazione di Roccaraso.<\/p><p><strong>16.35<\/strong> \u2013 fermata servizio viaggiatori alla stazione di Rivisondoli-Pescocostanzo.<\/p><p><strong>16.50<\/strong> \u2013 fermata servizio viaggiatori alla stazione di Palena<\/p><p><strong>18.00<\/strong> \u2013 rientro finale a Sulmona.<\/p><p>Incontro con il nostro pullman per ritorno ad Ancona.<\/p><p><strong>Ore 19:30<\/strong> partenza per Ancona, rientro previsto in tarda serata.<\/p><p>Gli orari sono indicativi e possono subire modifiche per via della particolare circolazione turistica. Tutte le modifiche saranno comunicate dall&#8217;organizzazione con tempestivo anticipo.<\/p><p>\u00a0<\/p><p><em>*IL VIAGGIO \u00c8 ADATTO A PERSONE CON PIENA ATTIVIT\u00c0 MOTORIA E NON \u00c8 INDICATO PER INDIVIDUI IN CARROZZINA ESSENDO COMPOSTO DA CARROZZE D\u2019EPOCA CHE PRESENTANO SCALINI DI SALITA E DISCESA PER OGNI PORTA CON UN CERTO DISLIVELLO RISPETTO ALLA BANCHINA DEL BINARIO E QUINDI NON DOTATO DI INGRESSI A RASO O SCIVOLI NE DI SPAZI ADATTI E SPECIFICI PER DIVERSAMENTE ABILI E CARROZZINE.<\/em><\/p>\t\t\t\t\t\t\t\t<\/div>\n\t\t\t\t\t<\/div>\n\t\t\t\t<\/div>\n\t\t\t\t<\/div>\n\t\t","protected":false},"excerpt":{"rendered":"<p class=\"p1\"><strong>QUOTA INDIVIDUALE DI PARTECIPAZIONE<\/strong><\/p>\n<p><em><strong>Minimo 35 partecipanti<\/strong><\/em><\/p>\n<p><b>LA QUOTA COMPRENDE:<\/b><b><\/b><\/p>\n<ul>\n<li>Viaggio in bus G.T. + treno storico;<\/li>\n<li>Hotel*** ( cena e pernottamento) H\/B bevande incluse acqua e vino;<\/li>\n<li>Assicurazione medico-bagaglio e annullamento;<\/li>\n<li>Visite guidate come da programma.<\/li>\n<\/ul>\n<p><b>LA QUOTA NON COMPRENDE:<\/b><b><\/b><\/p>\n<ul>\n<li>Supplemento camera singola \u20ac25;<\/li>\n<li>Extra e quanto non compreso nella quota comprende;<\/li>\n<li>Tassa di soggiorno da pagare in loco EURO 1,50.<\/li>\n<\/ul>\n<p><em>N.B. Il programma dell\u2019itinerario del treno ferrovie dei parchi potrebbe essere soggetto a modifiche e aumenti nei giorni festivi.<\/em><\/p>\n","protected":false},"featured_media":10064,"template":"","meta":[],"product_brand":[148],"product_cat":[61],"product_tag":[119,149,130,146],"class_list":{"0":"post-10060","1":"product","2":"type-product","3":"status-publish","4":"has-post-thumbnail","6":"product_brand-criluma-viaggi","7":"product_cat-weekend-fuori-porta","8":"product_tag-119","9":"product_tag-abruzzo","10":"product_tag-ottobre","11":"product_tag-transiberiana","13":"first","14":"instock","15":"shipping-taxable","16":"purchasable","17":"product-type-simple"},"_links":{"self":[{"href":"https:\/\/www.crilumaviaggi.com\/offerte\/wp-json\/wp\/v2\/product\/10060","targetHints":{"allow":["GET"]}}],"collection":[{"href":"https:\/\/www.crilumaviaggi.com\/offerte\/wp-json\/wp\/v2\/product"}],"about":[{"href":"https:\/\/www.crilumaviaggi.com\/offerte\/wp-json\/wp\/v2\/types\/product"}],"version-history":[{"count":6,"href":"https:\/\/www.crilumaviaggi.com\/offerte\/wp-json\/wp\/v2\/product\/10060\/revisions"}],"predecessor-version":[{"id":11319,"href":"https:\/\/www.crilumaviaggi.com\/offerte\/wp-json\/wp\/v2\/product\/10060\/revisions\/11319"}],"wp:featuredmedia":[{"embeddable":true,"href":"https:\/\/www.crilumaviaggi.com\/offerte\/wp-json\/wp\/v2\/media\/10064"}],"wp:attachment":[{"href":"https:\/\/www.crilumaviaggi.com\/offerte\/wp-json\/wp\/v2\/media?parent=10060"}],"wp:term":[{"taxonomy":"product_brand","embeddable":true,"href":"https:\/\/www.crilumaviaggi.com\/offerte\/wp-json\/wp\/v2\/product_brand?post=10060"},{"taxonomy":"product_cat","embeddable":true,"href":"https:\/\/www.crilumaviaggi.com\/offerte\/wp-json\/wp\/v2\/product_cat?post=10060"},{"taxonomy":"product_tag","embeddable":true,"href":"https:\/\/www.crilumaviaggi.com\/offerte\/wp-json\/wp\/v2\/product_tag?post=10060"}],"curies":[{"name":"wp","href":"https:\/\/api.w.org\/{rel}","templated":true}]}}